{"id":4025,"date":"2026-04-11T16:33:00","date_gmt":"2026-04-11T15:33:00","guid":{"rendered":"https:\/\/algamoto.com\/?post_type=product&#038;p=4025"},"modified":"2026-04-11T21:35:10","modified_gmt":"2026-04-11T20:35:10","slug":"bidon-carburant-5l-pack-x2-securise-long-haul","status":"publish","type":"product","link":"https:\/\/algamoto.com\/ar\/product\/bidon-carburant-5l-pack-x2-securise-long-haul\/","title":{"rendered":"Bidon Carburant 5L Pack x2 S\u00e9curis\u00e9  \u2013 LONG-HAUL"},"content":{"rendered":"<p><img data-recalc-dims=\"1\" loading=\"lazy\" decoding=\"async\" class=\"size-full wp-image-4028 aligncenter\" src=\"https:\/\/i0.wp.com\/algamoto.com\/wp-content\/uploads\/2026\/04\/Jeep_motors_landing_202604111627.jpeg?resize=1024%2C1024\" alt=\"\" width=\"1024\" height=\"1024\" srcset=\"https:\/\/i0.wp.com\/algamoto.com\/wp-content\/uploads\/2026\/04\/Jeep_motors_landing_202604111627.jpeg?w=1024&amp;ssl=1 1024w, https:\/\/i0.wp.com\/algamoto.com\/wp-content\/uploads\/2026\/04\/Jeep_motors_landing_202604111627.jpeg?resize=300%2C300&amp;ssl=1 300w, https:\/\/i0.wp.com\/algamoto.com\/wp-content\/uploads\/2026\/04\/Jeep_motors_landing_202604111627.jpeg?resize=800%2C800&amp;ssl=1 800w, https:\/\/i0.wp.com\/algamoto.com\/wp-content\/uploads\/2026\/04\/Jeep_motors_landing_202604111627.jpeg?resize=150%2C150&amp;ssl=1 150w, https:\/\/i0.wp.com\/algamoto.com\/wp-content\/uploads\/2026\/04\/Jeep_motors_landing_202604111627.jpeg?resize=768%2C768&amp;ssl=1 768w, https:\/\/i0.wp.com\/algamoto.com\/wp-content\/uploads\/2026\/04\/Jeep_motors_landing_202604111627.jpeg?resize=12%2C12&amp;ssl=1 12w, https:\/\/i0.wp.com\/algamoto.com\/wp-content\/uploads\/2026\/04\/Jeep_motors_landing_202604111627.jpeg?resize=430%2C430&amp;ssl=1 430w, https:\/\/i0.wp.com\/algamoto.com\/wp-content\/uploads\/2026\/04\/Jeep_motors_landing_202604111627.jpeg?resize=700%2C700&amp;ssl=1 700w\" sizes=\"auto, (max-width: 1000px) 100vw, 1000px\" \/><\/p>\n<h3>Bidon Carburant S\u00e9curis\u00e9 5L DOUBLE<\/h3>\n<p>Que tu partes en road trip, en off-road avec ta moto ou en exploration avec ton 4&#215;4, tomber en panne de carburant n\u2019est jamais une option.<br \/>Avec ce pack de 2 bidons LONG-HAUL 5L, tu gardes toujours une r\u00e9serve fiable, s\u00e9curis\u00e9e et facile \u00e0 transporter.<br \/>Son design robuste avec syst\u00e8me de verrouillage int\u00e9gr\u00e9 te permet de stocker ton carburant sans stress, m\u00eame sur terrain difficile.<br \/>Compact, empilable et ultra r\u00e9sistant, c\u2019est l\u2019\u00e9quipement indispensable pour tous les aventuriers.<\/p>\n<p>\u2699\ufe0f Caract\u00e9ristiques techniques<br \/>Capacit\u00e9 : 5 litres par bidon (total 10L)<br \/>Quantit\u00e9 : Pack de 2 bidons<br \/>Mat\u00e9riau : Plastique renforc\u00e9 haute densit\u00e9 (HDPE)<br \/>Syst\u00e8me de fermeture : Bouchon + verrou avec cl\u00e9<br \/>Utilisation : Essence \/ diesel \/ eau<br \/>Design : Empilable + poign\u00e9e ergonomique<br \/>Couleur : Rouge s\u00e9curit\u00e9 haute visibilit\u00e9<br \/>Accessoires : Bec verseur inclus<\/p>","protected":false},"excerpt":{"rendered":"<p>Bidon Carburant S\u00e9curis\u00e9 5L DOUBLE Que tu partes en road trip, en off-road avec ta moto ou en exploration avec<\/p>","protected":false},"featured_media":4029,"comment_status":"open","ping_status":"closed","template":"","meta":[],"product_brand":[],"product_cat":[18],"product_tag":[],"class_list":{"0":"post-4025","1":"product","2":"type-product","3":"status-publish","4":"has-post-thumbnail","6":"product_cat-uncategorized","8":"first","9":"instock","10":"shipping-taxable","11":"product-type-simple"},"jetpack_sharing_enabled":true,"jetpack-related-posts":[],"_links":{"self":[{"href":"https:\/\/algamoto.com\/ar\/wp-json\/wp\/v2\/product\/4025","targetHints":{"allow":["GET"]}}],"collection":[{"href":"https:\/\/algamoto.com\/ar\/wp-json\/wp\/v2\/product"}],"about":[{"href":"https:\/\/algamoto.com\/ar\/wp-json\/wp\/v2\/types\/product"}],"replies":[{"embeddable":true,"href":"https:\/\/algamoto.com\/ar\/wp-json\/wp\/v2\/comments?post=4025"}],"version-history":[{"count":3,"href":"https:\/\/algamoto.com\/ar\/wp-json\/wp\/v2\/product\/4025\/revisions"}],"predecessor-version":[{"id":4032,"href":"https:\/\/algamoto.com\/ar\/wp-json\/wp\/v2\/product\/4025\/revisions\/4032"}],"wp:featuredmedia":[{"embeddable":true,"href":"https:\/\/algamoto.com\/ar\/wp-json\/wp\/v2\/media\/4029"}],"wp:attachment":[{"href":"https:\/\/algamoto.com\/ar\/wp-json\/wp\/v2\/media?parent=4025"}],"wp:term":[{"taxonomy":"product_brand","embeddable":true,"href":"https:\/\/algamoto.com\/ar\/wp-json\/wp\/v2\/product_brand?post=4025"},{"taxonomy":"product_cat","embeddable":true,"href":"https:\/\/algamoto.com\/ar\/wp-json\/wp\/v2\/product_cat?post=4025"},{"taxonomy":"product_tag","embeddable":true,"href":"https:\/\/algamoto.com\/ar\/wp-json\/wp\/v2\/product_tag?post=4025"}],"curies":[{"name":"wp","href":"https:\/\/api.w.org\/{rel}","templated":true}]}}