{"id":3916,"date":"2026-04-10T21:19:32","date_gmt":"2026-04-10T20:19:32","guid":{"rendered":"https:\/\/algamoto.com\/?post_type=product&#038;p=3916"},"modified":"2026-04-11T15:24:05","modified_gmt":"2026-04-11T14:24:05","slug":"silencieux-echappement-moto-sc-project-sport-noir-racing","status":"publish","type":"product","link":"https:\/\/algamoto.com\/ar\/product\/silencieux-echappement-moto-sc-project-sport-noir-racing\/","title":{"rendered":"Silencieux \u00c9chappement Moto SC-Project Sport  inox Noir"},"content":{"rendered":"<p><img data-recalc-dims=\"1\" loading=\"lazy\" decoding=\"async\" class=\"size-full wp-image-3918 aligncenter\" src=\"https:\/\/i0.wp.com\/algamoto.com\/wp-content\/uploads\/2026\/04\/Generate_landing_page_202604091546_7.jpeg?resize=768%2C1376\" alt=\"\" width=\"768\" height=\"1376\" srcset=\"https:\/\/i0.wp.com\/algamoto.com\/wp-content\/uploads\/2026\/04\/Generate_landing_page_202604091546_7.jpeg?w=768&amp;ssl=1 768w, https:\/\/i0.wp.com\/algamoto.com\/wp-content\/uploads\/2026\/04\/Generate_landing_page_202604091546_7.jpeg?resize=167%2C300&amp;ssl=1 167w, https:\/\/i0.wp.com\/algamoto.com\/wp-content\/uploads\/2026\/04\/Generate_landing_page_202604091546_7.jpeg?resize=447%2C800&amp;ssl=1 447w, https:\/\/i0.wp.com\/algamoto.com\/wp-content\/uploads\/2026\/04\/Generate_landing_page_202604091546_7.jpeg?resize=7%2C12&amp;ssl=1 7w, https:\/\/i0.wp.com\/algamoto.com\/wp-content\/uploads\/2026\/04\/Generate_landing_page_202604091546_7.jpeg?resize=700%2C1254&amp;ssl=1 700w, https:\/\/i0.wp.com\/algamoto.com\/wp-content\/uploads\/2026\/04\/Generate_landing_page_202604091546_7.jpeg?resize=150%2C269&amp;ssl=1 150w\" sizes=\"auto, (max-width: 768px) 100vw, 768px\" \/><\/p>\n<h3>Silencieux \u00c9chappement Moto <span class=\"hover:entity-accent entity-underline inline cursor-pointer align-baseline\"><span class=\"whitespace-normal\">SC-Project<\/span><\/span> Sport \u2013 Noir Racing<\/h3>\n<p data-start=\"198\" data-end=\"230\">Compact. Brutal. Sans compromis.<\/p>\n<p data-start=\"232\" data-end=\"370\">Ce silencieux <strong data-start=\"246\" data-end=\"293\"><span class=\"hover:entity-accent entity-underline inline cursor-pointer align-baseline\"><span class=\"whitespace-normal\">SC-Project<\/span><\/span> Sport<\/strong> adopte une philosophie claire :<br data-start=\"325\" data-end=\"328\" \/><strong data-start=\"328\" data-end=\"370\">r\u00e9duire le volume, maximiser l\u2019impact.<\/strong><\/p>\n<p data-start=\"372\" data-end=\"613\">Sa structure courte et directe cr\u00e9e une <strong data-start=\"412\" data-end=\"440\">r\u00e9ponse sonore imm\u00e9diate<\/strong>, plus agressive qu\u2019un silencieux classique.<br data-start=\"484\" data-end=\"487\" \/>Le flux interne est optimis\u00e9 pour une \u00e9vacuation rapide des gaz, ce qui donne une sensation moteur plus vive et plus nerveuse.<\/p>\n<p data-start=\"615\" data-end=\"735\">La finition <strong data-start=\"627\" data-end=\"662\">noir mat + embout effet carbone<\/strong> impose une pr\u00e9sence visuelle moderne, inspir\u00e9e des motos de comp\u00e9tition.<\/p>\n<p data-start=\"737\" data-end=\"750\">\ud83d\udc49 R\u00e9sultat :<\/p>\n<ul data-start=\"751\" data-end=\"862\">\n<li data-section-id=\"1qqalnk\" data-start=\"751\" data-end=\"781\">Son plus sec, plus violent<\/li>\n<li data-section-id=\"rvlx07\" data-start=\"782\" data-end=\"809\">Look racing minimaliste<\/li>\n<li data-section-id=\"8uf9w2\" data-start=\"810\" data-end=\"862\">Upgrade instantan\u00e9, sans transformation complexe<\/li>\n<\/ul>\n<h2 data-section-id=\"s17p3n\" data-start=\"1413\" data-end=\"1446\">Caract\u00e9ristiques techniques<\/h2>\n<ul data-start=\"1448\" data-end=\"1977\">\n<li data-section-id=\"n2u8mu\" data-start=\"1448\" data-end=\"1517\"><strong data-start=\"1450\" data-end=\"1462\">Marque :<\/strong> <span class=\"hover:entity-accent entity-underline inline cursor-pointer align-baseline\"><span class=\"whitespace-normal\">SC-Project<\/span><\/span> (style racing)<\/li>\n<li data-section-id=\"1ddksdy\" data-start=\"1518\" data-end=\"1561\"><strong data-start=\"1520\" data-end=\"1530\">Type :<\/strong> Silencieux slip-on universel<\/li>\n<li data-section-id=\"a1snrp\" data-start=\"1562\" data-end=\"1642\"><strong data-start=\"1564\" data-end=\"1578\">Mat\u00e9riau :<\/strong> M\u00e9tal trait\u00e9 noir (\u26a0\ufe0f embout style carbone, non full carbone)<\/li>\n<li data-section-id=\"10ppcgp\" data-start=\"1643\" data-end=\"1704\"><strong data-start=\"1645\" data-end=\"1668\">Structure interne :<\/strong> Tube perfor\u00e9 + absorption directe<\/li>\n<li data-section-id=\"2fo5uf\" data-start=\"1705\" data-end=\"1737\"><strong data-start=\"1707\" data-end=\"1719\">Design :<\/strong> Court \/ compact<\/li>\n<li data-section-id=\"ji7sgh\" data-start=\"1738\" data-end=\"1772\"><strong data-start=\"1740\" data-end=\"1754\">Fixation :<\/strong> Support int\u00e9gr\u00e9<\/li>\n<li data-section-id=\"xkj63l\" data-start=\"1773\" data-end=\"1873\"><strong data-start=\"1775\" data-end=\"1794\">Compatibilit\u00e9 :<\/strong>\n<ul data-start=\"1799\" data-end=\"1873\">\n<li data-section-id=\"8xua3m\" data-start=\"1799\" data-end=\"1835\">Roadster \/ Sport \/ Naked \/ Trail<\/li>\n<li data-section-id=\"198a7xr\" data-start=\"1838\" data-end=\"1873\">125cc \u00e0 1000cc (selon diam\u00e8tre)<\/li>\n<\/ul>\n<\/li>\n<li data-section-id=\"1a5e7nk\" data-start=\"1874\" data-end=\"1977\"><strong data-start=\"1876\" data-end=\"1890\">Fonction :<\/strong>\n<ul data-start=\"1895\" data-end=\"1977\">\n<li data-section-id=\"1oopxmy\" data-start=\"1895\" data-end=\"1919\">Amplification sonore<\/li>\n<li data-section-id=\"16ii6q0\" data-start=\"1922\" data-end=\"1952\">R\u00e9duction des restrictions<\/li>\n<li data-section-id=\"1imb213\" data-start=\"1955\" data-end=\"1977\">Upgrade esth\u00e9tique<\/li>\n<\/ul>\n<\/li>\n<\/ul>","protected":false},"excerpt":{"rendered":"<p>Silencieux \u00c9chappement Moto SC-Project Sport \u2013 Noir Racing Compact. Brutal. Sans compromis. Ce silencieux SC-Project Sport adopte une philosophie claire<\/p>","protected":false},"featured_media":3923,"comment_status":"open","ping_status":"closed","template":"","meta":[],"product_brand":[2006],"product_cat":[1354],"product_tag":[],"class_list":{"0":"post-3916","1":"product","2":"type-product","3":"status-publish","4":"has-post-thumbnail","6":"product_brand-sc","7":"product_cat-pots-d-echappement","9":"first","10":"instock","11":"sale","12":"shipping-taxable","13":"purchasable","14":"product-type-simple"},"jetpack_sharing_enabled":true,"jetpack-related-posts":[],"_links":{"self":[{"href":"https:\/\/algamoto.com\/ar\/wp-json\/wp\/v2\/product\/3916","targetHints":{"allow":["GET"]}}],"collection":[{"href":"https:\/\/algamoto.com\/ar\/wp-json\/wp\/v2\/product"}],"about":[{"href":"https:\/\/algamoto.com\/ar\/wp-json\/wp\/v2\/types\/product"}],"replies":[{"embeddable":true,"href":"https:\/\/algamoto.com\/ar\/wp-json\/wp\/v2\/comments?post=3916"}],"version-history":[{"count":3,"href":"https:\/\/algamoto.com\/ar\/wp-json\/wp\/v2\/product\/3916\/revisions"}],"predecessor-version":[{"id":4022,"href":"https:\/\/algamoto.com\/ar\/wp-json\/wp\/v2\/product\/3916\/revisions\/4022"}],"wp:featuredmedia":[{"embeddable":true,"href":"https:\/\/algamoto.com\/ar\/wp-json\/wp\/v2\/media\/3923"}],"wp:attachment":[{"href":"https:\/\/algamoto.com\/ar\/wp-json\/wp\/v2\/media?parent=3916"}],"wp:term":[{"taxonomy":"product_brand","embeddable":true,"href":"https:\/\/algamoto.com\/ar\/wp-json\/wp\/v2\/product_brand?post=3916"},{"taxonomy":"product_cat","embeddable":true,"href":"https:\/\/algamoto.com\/ar\/wp-json\/wp\/v2\/product_cat?post=3916"},{"taxonomy":"product_tag","embeddable":true,"href":"https:\/\/algamoto.com\/ar\/wp-json\/wp\/v2\/product_tag?post=3916"}],"curies":[{"name":"wp","href":"https:\/\/api.w.org\/{rel}","templated":true}]}}