{"id":3752,"date":"2026-04-07T16:14:26","date_gmt":"2026-04-07T15:14:26","guid":{"rendered":"https:\/\/algamoto.com\/?post_type=product&#038;p=3752"},"modified":"2026-04-08T13:24:44","modified_gmt":"2026-04-08T12:24:44","slug":"moto-electrique-dora-sport-800w-%e2%89%88-60-km-h","status":"publish","type":"product","link":"https:\/\/algamoto.com\/ar\/product\/moto-electrique-dora-sport-800w-%e2%89%88-60-km-h\/","title":{"rendered":"Moto \u00e9lectrique DORA SPORT 800W (\u2248 60 km\/h)"},"content":{"rendered":"<h3 data-start=\"136\" data-end=\"390\"><img loading=\"lazy\" decoding=\"async\" class=\"size-full wp-image-3753 aligncenter\" src=\"http:\/\/algamoto.com\/wp-content\/uploads\/2026\/04\/DORA_SPORT_800W_202604071625.jpeg\" alt=\"\" width=\"768\" height=\"1376\" srcset=\"https:\/\/algamoto.com\/wp-content\/uploads\/2026\/04\/DORA_SPORT_800W_202604071625.jpeg 768w, https:\/\/algamoto.com\/wp-content\/uploads\/2026\/04\/DORA_SPORT_800W_202604071625-167x300.jpeg 167w, https:\/\/algamoto.com\/wp-content\/uploads\/2026\/04\/DORA_SPORT_800W_202604071625-447x800.jpeg 447w, https:\/\/algamoto.com\/wp-content\/uploads\/2026\/04\/DORA_SPORT_800W_202604071625-7x12.jpeg 7w, https:\/\/algamoto.com\/wp-content\/uploads\/2026\/04\/DORA_SPORT_800W_202604071625-700x1254.jpeg 700w, https:\/\/algamoto.com\/wp-content\/uploads\/2026\/04\/DORA_SPORT_800W_202604071625-150x269.jpeg 150w\" sizes=\"auto, (max-width: 768px) 100vw, 768px\" \/><\/h3>\n<h3 style=\"text-align: center\" data-start=\"136\" data-end=\"390\"><img loading=\"lazy\" decoding=\"async\" class=\"alignnone size-full wp-image-3770\" src=\"http:\/\/algamoto.com\/wp-content\/uploads\/2026\/04\/DORA_SPORT_800W_202604071641.jpeg\" alt=\"\" width=\"768\" height=\"1376\" srcset=\"https:\/\/algamoto.com\/wp-content\/uploads\/2026\/04\/DORA_SPORT_800W_202604071641.jpeg 768w, https:\/\/algamoto.com\/wp-content\/uploads\/2026\/04\/DORA_SPORT_800W_202604071641-167x300.jpeg 167w, https:\/\/algamoto.com\/wp-content\/uploads\/2026\/04\/DORA_SPORT_800W_202604071641-447x800.jpeg 447w, https:\/\/algamoto.com\/wp-content\/uploads\/2026\/04\/DORA_SPORT_800W_202604071641-7x12.jpeg 7w, https:\/\/algamoto.com\/wp-content\/uploads\/2026\/04\/DORA_SPORT_800W_202604071641-700x1254.jpeg 700w, https:\/\/algamoto.com\/wp-content\/uploads\/2026\/04\/DORA_SPORT_800W_202604071641-150x269.jpeg 150w\" sizes=\"auto, (max-width: 768px) 100vw, 768px\" \/><\/h3>\n<h3 data-start=\"136\" data-end=\"390\">Moto \u00e9lectrique DORA SPORT 800W (\u2248 60 km\/h)<\/h3>\n<p data-start=\"136\" data-end=\"390\">Moto \u00e9lectrique de <strong data-start=\"155\" data-end=\"163\">800W<\/strong> con\u00e7ue pour la mobilit\u00e9 urbaine. Elle offre une acc\u00e9l\u00e9ration fluide, une conduite confortable et un fonctionnement totalement silencieux. Une solution id\u00e9ale pour les d\u00e9placements quotidiens avec un co\u00fbt d\u2019utilisation minimal.<\/p>\n<hr data-start=\"392\" data-end=\"395\" \/>\n<h2 data-section-id=\"1mgy5ck\" data-start=\"397\" data-end=\"432\">\u2699\ufe0f Caract\u00e9ristiques techniques<\/h2>\n<ul data-start=\"433\" data-end=\"649\">\n<li data-section-id=\"2lz0s8\" data-start=\"433\" data-end=\"457\">\ud83d\udd0c Moteur : <strong data-start=\"447\" data-end=\"455\">800W<\/strong><\/li>\n<li data-section-id=\"4x96zf\" data-start=\"458\" data-end=\"495\">\ud83d\ude80 Vitesse maximale : <strong data-start=\"482\" data-end=\"493\">60 km\/h<\/strong><\/li>\n<li data-section-id=\"1uf0xy2\" data-start=\"496\" data-end=\"534\">\ud83d\udd0b Batterie : <strong data-start=\"512\" data-end=\"532\">60V 20Ah (plomb)<\/strong><\/li>\n<li data-section-id=\"hq1980\" data-start=\"535\" data-end=\"568\">\ud83d\udd04 Autonomie : <strong data-start=\"552\" data-end=\"566\">60 \u2013 70 km<\/strong><\/li>\n<li data-section-id=\"vt4i9b\" data-start=\"569\" data-end=\"609\">\u23f1 Temps de charge : <strong data-start=\"591\" data-end=\"607\">3 \u2013 4 heures<\/strong><\/li>\n<li data-section-id=\"sarni8\" data-start=\"610\" data-end=\"649\">\ud83e\udde0 Contr\u00f4leur : <strong data-start=\"628\" data-end=\"647\">12 canaux (60V)<\/strong><\/li>\n<\/ul>\n<hr data-start=\"651\" data-end=\"654\" \/>\n<h2 data-section-id=\"1skqa2k\" data-start=\"656\" data-end=\"688\">\ud83d\udee0\ufe0f Structure &amp; performance<\/h2>\n<ul data-start=\"689\" data-end=\"881\">\n<li data-section-id=\"1dk4wjn\" data-start=\"689\" data-end=\"735\">\ud83d\uded1 Freins : <strong data-start=\"703\" data-end=\"733\">\u00e0 tambour avant et arri\u00e8re<\/strong><\/li>\n<li data-section-id=\"q8d0jw\" data-start=\"736\" data-end=\"770\">\ud83d\udede Pneus : <strong data-start=\"749\" data-end=\"768\">3.0 \u2013 10 pouces<\/strong><\/li>\n<li data-section-id=\"aocpjr\" data-start=\"771\" data-end=\"796\">\u2696\ufe0f Poids : <strong data-start=\"784\" data-end=\"794\">100 kg<\/strong><\/li>\n<li data-section-id=\"kd8tjx\" data-start=\"797\" data-end=\"841\">\ud83d\udccf Dimensions : <strong data-start=\"815\" data-end=\"839\">1620 \u00d7 690 \u00d7 1050 mm<\/strong><\/li>\n<li data-section-id=\"13ybbgt\" data-start=\"842\" data-end=\"881\">\ud83c\udfcd Design robuste inspir\u00e9 des motos<\/li>\n<\/ul>\n<hr data-start=\"883\" data-end=\"886\" \/>\n<h2 data-section-id=\"17dpq8e\" data-start=\"888\" data-end=\"907\">\u2728 Points forts<\/h2>\n<ul data-start=\"908\" data-end=\"1142\">\n<li data-section-id=\"14vksei\" data-start=\"908\" data-end=\"972\">Fonctionnement <strong data-start=\"925\" data-end=\"944\">100% \u00e9lectrique<\/strong> (sans carburant ni huile)<\/li>\n<li data-section-id=\"h6635a\" data-start=\"973\" data-end=\"1011\">Conduite <strong data-start=\"984\" data-end=\"1009\">silencieuse et stable<\/strong><\/li>\n<li data-section-id=\"hsjk84\" data-start=\"1012\" data-end=\"1052\">Recharge facile sur prise domestique<\/li>\n<li data-section-id=\"11lkswa\" data-start=\"1053\" data-end=\"1091\">Id\u00e9ale pour usage urbain quotidien<\/li>\n<li data-section-id=\"1s39ol8\" data-start=\"1092\" data-end=\"1142\">Entretien simple et faible co\u00fbt d\u2019exploitation<\/li>\n<\/ul>\n<hr data-start=\"1144\" data-end=\"1147\" \/>\n<h2 data-section-id=\"1tk881y\" data-start=\"1149\" data-end=\"1168\">\ud83c\udfaf \u00c9quipements<\/h2>\n<ul data-start=\"1169\" data-end=\"1241\">\n<li data-section-id=\"kogpe7\" data-start=\"1169\" data-end=\"1193\">\ud83d\udcf1 Support t\u00e9l\u00e9phone<\/li>\n<li data-section-id=\"12a1ds3\" data-start=\"1194\" data-end=\"1221\">\ud83d\udd0c Chargeur intelligent<\/li>\n<li data-section-id=\"15pdco7\" data-start=\"1222\" data-end=\"1241\">\ud83e\ude9e R\u00e9troviseurs<\/li>\n<\/ul>\n<hr data-start=\"1243\" data-end=\"1246\" \/>\n<h2 data-section-id=\"44j9o5\" data-start=\"1248\" data-end=\"1265\">\ud83d\udee1\ufe0f Garantie<\/h2>\n<ul data-start=\"1266\" data-end=\"1348\">\n<li data-section-id=\"1jtciwf\" data-start=\"1266\" data-end=\"1303\"><strong data-start=\"1268\" data-end=\"1278\">6 mois<\/strong> sur batterie et moteur<\/li>\n<li data-section-id=\"19q7c2l\" data-start=\"1304\" data-end=\"1348\">Service apr\u00e8s-vente + pi\u00e8ces disponibles<\/li>\n<\/ul>","protected":false},"excerpt":{"rendered":"<p>Moto \u00e9lectrique DORA SPORT 800W (\u2248 60 km\/h) Moto \u00e9lectrique de 800W con\u00e7ue pour la mobilit\u00e9 urbaine. Elle offre une<\/p>","protected":false},"featured_media":3773,"comment_status":"open","ping_status":"closed","template":"","meta":[],"product_brand":[250],"product_cat":[1406,1326],"product_tag":[],"class_list":{"0":"post-3752","1":"product","2":"type-product","3":"status-publish","4":"has-post-thumbnail","6":"product_brand-dora","7":"product_cat-dora","8":"product_cat-motos-electriques","10":"first","11":"outofstock","12":"sale","13":"shipping-taxable","14":"purchasable","15":"product-type-variable"},"_links":{"self":[{"href":"https:\/\/algamoto.com\/ar\/wp-json\/wp\/v2\/product\/3752","targetHints":{"allow":["GET"]}}],"collection":[{"href":"https:\/\/algamoto.com\/ar\/wp-json\/wp\/v2\/product"}],"about":[{"href":"https:\/\/algamoto.com\/ar\/wp-json\/wp\/v2\/types\/product"}],"replies":[{"embeddable":true,"href":"https:\/\/algamoto.com\/ar\/wp-json\/wp\/v2\/comments?post=3752"}],"version-history":[{"count":7,"href":"https:\/\/algamoto.com\/ar\/wp-json\/wp\/v2\/product\/3752\/revisions"}],"predecessor-version":[{"id":3821,"href":"https:\/\/algamoto.com\/ar\/wp-json\/wp\/v2\/product\/3752\/revisions\/3821"}],"wp:featuredmedia":[{"embeddable":true,"href":"https:\/\/algamoto.com\/ar\/wp-json\/wp\/v2\/media\/3773"}],"wp:attachment":[{"href":"https:\/\/algamoto.com\/ar\/wp-json\/wp\/v2\/media?parent=3752"}],"wp:term":[{"taxonomy":"product_brand","embeddable":true,"href":"https:\/\/algamoto.com\/ar\/wp-json\/wp\/v2\/product_brand?post=3752"},{"taxonomy":"product_cat","embeddable":true,"href":"https:\/\/algamoto.com\/ar\/wp-json\/wp\/v2\/product_cat?post=3752"},{"taxonomy":"product_tag","embeddable":true,"href":"https:\/\/algamoto.com\/ar\/wp-json\/wp\/v2\/product_tag?post=3752"}],"curies":[{"name":"wp","href":"https:\/\/api.w.org\/{rel}","templated":true}]}}