{"id":3412,"date":"2026-04-02T08:42:02","date_gmt":"2026-04-02T08:42:02","guid":{"rendered":"https:\/\/algamoto.com\/product\/casque-moto-arai-sz-ram-4-open-face-helmet-%d8%ae%d9%88%d8%b0%d8%a9-%d8%af%d8%b1%d8%a7%d8%ac%d8%a9-%d9%86%d8%a7%d8%b1%d9%8a%d8%a9-%d8%a3%d8%b5%d9%84%d9%8a%d8%a9\/"},"modified":"2026-04-10T21:04:25","modified_gmt":"2026-04-10T20:04:25","slug":"casque-moto-arai-sz-ram-4-open-face-helmet","status":"publish","type":"product","link":"https:\/\/algamoto.com\/ar\/product\/casque-moto-arai-sz-ram-4-open-face-helmet\/","title":{"rendered":"Casque Moto Arai SZ Ram 4 Open Face Helmet"},"content":{"rendered":"<h3><img data-recalc-dims=\"1\" loading=\"lazy\" decoding=\"async\" class=\"size-full wp-image-3749 aligncenter\" src=\"https:\/\/i0.wp.com\/algamoto.com\/wp-content\/uploads\/2026\/04\/Product_image_generation_202604071556.jpeg?resize=768%2C1376\" alt=\"\" width=\"768\" height=\"1376\" srcset=\"https:\/\/i0.wp.com\/algamoto.com\/wp-content\/uploads\/2026\/04\/Product_image_generation_202604071556.jpeg?w=768&amp;ssl=1 768w, https:\/\/i0.wp.com\/algamoto.com\/wp-content\/uploads\/2026\/04\/Product_image_generation_202604071556.jpeg?resize=167%2C300&amp;ssl=1 167w, https:\/\/i0.wp.com\/algamoto.com\/wp-content\/uploads\/2026\/04\/Product_image_generation_202604071556.jpeg?resize=447%2C800&amp;ssl=1 447w, https:\/\/i0.wp.com\/algamoto.com\/wp-content\/uploads\/2026\/04\/Product_image_generation_202604071556.jpeg?resize=7%2C12&amp;ssl=1 7w, https:\/\/i0.wp.com\/algamoto.com\/wp-content\/uploads\/2026\/04\/Product_image_generation_202604071556.jpeg?resize=700%2C1254&amp;ssl=1 700w, https:\/\/i0.wp.com\/algamoto.com\/wp-content\/uploads\/2026\/04\/Product_image_generation_202604071556.jpeg?resize=150%2C269&amp;ssl=1 150w\" sizes=\"auto, (max-width: 768px) 100vw, 768px\" \/><\/h3>\n<h3>Casque Moto <strong>Arai SZ-Ram4 <\/strong><\/h3>\n<p>est un\u00a0<strong>casque jet de haute performance<\/strong>, con\u00e7u pour offrir une protection optimale tout en garantissant un confort exceptionnel. Fabriqu\u00e9 avec une\u00a0<strong>coque en fibre composite<\/strong>, il combine l\u00e9g\u00e8ret\u00e9 et r\u00e9sistance aux impacts. Son\u00a0<strong>syst\u00e8me de ventilation avanc\u00e9<\/strong>\u00a0assure une circulation d\u2019air efficace, m\u00eame par temps chaud. L\u2019int\u00e9rieur est\u00a0<strong>enti\u00e8rement d\u00e9montable et lavable<\/strong>, avec des mousses ergonomiques qui \u00e9pousent parfaitement la forme du visage. Le SZ-Ram4 est \u00e9galement \u00e9quip\u00e9 d\u2019un\u00a0<strong>\u00e9cran large et clair<\/strong>, offrant une excellente visibilit\u00e9, et d\u2019un syst\u00e8me de fixation s\u00e9curis\u00e9.<\/p>\n<div>\u00a0<\/div>\n<h3><strong>Caract\u00e9ristiques principales :<\/strong><\/h3>\n<ul>\n<li><strong>Coque en fibre composite<\/strong>\u00a0: l\u00e9g\u00e8ret\u00e9 et haute r\u00e9sistance<\/li>\n<li><strong>Ventilation multi-canaux<\/strong>\u00a0: confort thermique optimal<\/li>\n<li><strong>Int\u00e9rieur d\u00e9montable et lavable<\/strong>\u00a0: hygi\u00e8ne et durabilit\u00e9<\/li>\n<li><strong>\u00c9cran large<\/strong>\u00a0: vision p\u00e9riph\u00e9rique am\u00e9lior\u00e9e<\/li>\n<li><strong>Syst\u00e8me de fermeture<\/strong>\u00a0: boucle double D<\/li>\n<li><strong>Homologation<\/strong>\u00a0: conforme aux normes de s\u00e9curit\u00e9 europ\u00e9ennes<\/li>\n<li><strong>Design \u00e9l\u00e9gant<\/strong>\u00a0: finitions haut de gamme<\/li>\n<\/ul>","protected":false},"excerpt":{"rendered":"<p>Casque Moto Arai SZ-Ram4 est un\u00a0casque jet de haute performance, con\u00e7u pour offrir une protection optimale tout en garantissant un<\/p>","protected":false},"featured_media":3751,"comment_status":"open","ping_status":"closed","template":"","meta":[],"product_brand":[1417],"product_cat":[1365],"product_tag":[],"class_list":{"0":"post-3412","1":"product","2":"type-product","3":"status-publish","4":"has-post-thumbnail","6":"product_brand-arai","7":"product_cat-casques","9":"first","10":"instock","11":"sale","12":"shipping-taxable","13":"purchasable","14":"product-type-simple"},"jetpack_sharing_enabled":true,"jetpack-related-posts":[],"_links":{"self":[{"href":"https:\/\/algamoto.com\/ar\/wp-json\/wp\/v2\/product\/3412","targetHints":{"allow":["GET"]}}],"collection":[{"href":"https:\/\/algamoto.com\/ar\/wp-json\/wp\/v2\/product"}],"about":[{"href":"https:\/\/algamoto.com\/ar\/wp-json\/wp\/v2\/types\/product"}],"replies":[{"embeddable":true,"href":"https:\/\/algamoto.com\/ar\/wp-json\/wp\/v2\/comments?post=3412"}],"version-history":[{"count":4,"href":"https:\/\/algamoto.com\/ar\/wp-json\/wp\/v2\/product\/3412\/revisions"}],"predecessor-version":[{"id":3576,"href":"https:\/\/algamoto.com\/ar\/wp-json\/wp\/v2\/product\/3412\/revisions\/3576"}],"wp:featuredmedia":[{"embeddable":true,"href":"https:\/\/algamoto.com\/ar\/wp-json\/wp\/v2\/media\/3751"}],"wp:attachment":[{"href":"https:\/\/algamoto.com\/ar\/wp-json\/wp\/v2\/media?parent=3412"}],"wp:term":[{"taxonomy":"product_brand","embeddable":true,"href":"https:\/\/algamoto.com\/ar\/wp-json\/wp\/v2\/product_brand?post=3412"},{"taxonomy":"product_cat","embeddable":true,"href":"https:\/\/algamoto.com\/ar\/wp-json\/wp\/v2\/product_cat?post=3412"},{"taxonomy":"product_tag","embeddable":true,"href":"https:\/\/algamoto.com\/ar\/wp-json\/wp\/v2\/product_tag?post=3412"}],"curies":[{"name":"wp","href":"https:\/\/api.w.org\/{rel}","templated":true}]}}